{"id":20,"date":"2026-01-25T16:52:31","date_gmt":"2026-01-25T16:52:31","guid":{"rendered":"https:\/\/journeystreak.com\/?page_id=20"},"modified":"2026-03-05T18:11:59","modified_gmt":"2026-03-05T18:11:59","slug":"politica-de-cookies","status":"publish","type":"page","link":"https:\/\/journeystreak.com\/en\/politica-de-cookies\/","title":{"rendered":"Pol\u00edtica de Cookies"},"content":{"rendered":"\n<p>\u00abEn <strong>JourneyStreak<\/strong>, nos tomamos muy en serio tu privacidad y la transparencia sobre c\u00f3mo tratamos tus datos. Queremos que tu experiencia de lectura sea segura, r\u00e1pida y personalizada.<\/p>\n\n\n\n<p>Por eso, al igual que la gran mayor\u00eda de sitios web en internet, utilizamos cookies. Estos peque\u00f1os archivos nos ayudan a que la web funcione correctamente, a entender qu\u00e9 contenidos te resultan m\u00e1s interesantes y a mejorar continuamente el blog para ti.<\/p>\n\n\n\n<p>A continuaci\u00f3n, te explicamos con detalle qu\u00e9 cookies utilizamos y c\u00f3mo puedes gestionarlas si as\u00ed lo deseas.\u00bb<\/p>\n\n\n\n<h3 class=\"wp-block-heading\">1. \u00bfQu\u00e9 son las cookies?<\/h3>\n\n\n\n<p>Una cookie es un peque\u00f1o archivo de texto que se almacena en tu navegador cuando visitas casi cualquier p\u00e1gina web. Su utilidad es que la web sea capaz de recordar tu visita cuando vuelvas a navegar por esa p\u00e1gina, permitiendo una experiencia m\u00e1s fluida y personalizada.<\/p>\n\n\n\n<h3 class=\"wp-block-heading\">2. Cookies utilizadas en este sitio web<\/h3>\n\n\n\n<p>Siguiendo las directrices de la Agencia Espa\u00f1ola de Protecci\u00f3n de Datos, procedemos a detallar el uso de cookies que hace este blog:<\/p>\n\n\n\n<ul class=\"wp-block-list\">\n<li><strong>Cookies T\u00e9cnicas:<\/strong> Son las m\u00e1s b\u00e1sicas y necesarias para que el blog funcione correctamente. Permiten, por ejemplo, saber cu\u00e1ndo est\u00e1 navegando un humano o una aplicaci\u00f3n automatizada o controlar el tr\u00e1fico y la comunicaci\u00f3n de datos.<\/li>\n\n\n\n<li><strong>Cookies de Personalizaci\u00f3n:<\/strong> Permiten al usuario acceder al servicio con algunas caracter\u00edsticas de car\u00e1cter general predefinidas (como el idioma o el tipo de navegador).<\/li>\n\n\n\n<li><strong>Cookies de An\u00e1lisis:<\/strong> Son aquellas que, tratadas por nosotros o por terceros (como Google Analytics), nos permiten cuantificar el n\u00famero de usuarios y realizar la medici\u00f3n y an\u00e1lisis estad\u00edstico del uso que hacen los lectores del blog.<\/li>\n\n\n\n<li><strong>Cookies de Redes Sociales:<\/strong> Cada red social (Facebook, X\/Twitter, Instagram, etc.) utiliza sus propias cookies para que puedas pinchar en botones del tipo <em>Me gusta<\/em> o <em>Compartir<\/em>.<\/li>\n<\/ul>\n\n\n\n<h3 class=\"wp-block-heading\">3. Detalle de cookies de terceros<\/h3>\n\n\n\n<p>Este blog utiliza los siguientes servicios de terceros que instalan cookies:<\/p>\n\n\n\n<ul class=\"wp-block-list\">\n<li><strong>Google Analytics:<\/strong> Almacena cookies para elaborar estad\u00edsticas sobre el tr\u00e1fico y volumen de visitas de esta web. Al utilizar este sitio web, est\u00e1s consintiendo el tratamiento de informaci\u00f3n acerca de ti por Google.<\/li>\n\n\n\n<li><strong>[Nombre de otra herramienta, ej: MailerLite \/ Facebook Pixel]:<\/strong> [Breve descripci\u00f3n de su funci\u00f3n].<\/li>\n<\/ul>\n\n\n\n<h3 class=\"wp-block-heading\">4. Desactivaci\u00f3n o eliminaci\u00f3n de cookies<\/h3>\n\n\n\n<p>En cualquier momento podr\u00e1s ejercer tu derecho de desactivaci\u00f3n o eliminaci\u00f3n de cookies de este sitio web. Estas acciones se realizan de forma diferente en funci\u00f3n del navegador que est\u00e9s usando:<\/p>\n\n\n\n<ul class=\"wp-block-list\">\n<li>Para <strong>Google Chrome<\/strong>: Configuraci\u00f3n &gt; Privacidad &gt; Cookies.<\/li>\n\n\n\n<li>Para <strong>Mozilla Firefox<\/strong>: Opciones &gt; Privacidad &gt; Historial.<\/li>\n\n\n\n<li>Para <strong>Safari<\/strong>: Preferencias &gt; Privacidad.<\/li>\n\n\n\n<li>Para <strong>Microsoft Edge<\/strong>: Configuraci\u00f3n &gt; Privacidad, b\u00fasqueda y servicios.<\/li>\n<\/ul>\n\n\n\n<h3 class=\"wp-block-heading\">5. Notas adicionales<\/h3>\n\n\n\n<ul class=\"wp-block-list\">\n<li>Ni este blog ni sus representantes legales se hacen responsables del contenido ni de la veracidad de las pol\u00edticas de privacidad que puedan tener los terceros mencionados en esta pol\u00edtica de cookies.<\/li>\n\n\n\n<li>Los navegadores web son las herramientas encargadas de almacenar las cookies y desde este lugar debe efectuar su derecho a la eliminaci\u00f3n o desactivaci\u00f3n de las mismas.<\/li>\n<\/ul>\n","protected":false},"excerpt":{"rendered":"<p>\u00abEn JourneyStreak, nos tomamos muy en serio tu privacidad y la transparencia sobre c\u00f3mo tratamos tus datos. Queremos que tu experiencia de lectura sea segura, r\u00e1pida y personalizada. Por eso, al igual que la gran mayor\u00eda de sitios web en internet, utilizamos cookies. Estos peque\u00f1os archivos nos ayudan a que la web funcione correctamente, a [&hellip;]<\/p>\n","protected":false},"author":1,"featured_media":0,"parent":0,"menu_order":0,"comment_status":"closed","ping_status":"closed","template":"","meta":{"om_disable_all_campaigns":false,"_uag_custom_page_level_css":"","site-sidebar-layout":"default","site-content-layout":"","ast-site-content-layout":"default","site-content-style":"default","site-sidebar-style":"default","ast-global-header-display":"","ast-banner-title-visibility":"","ast-main-header-display":"","ast-hfb-above-header-display":"","ast-hfb-below-header-display":"","ast-hfb-mobile-header-display":"","site-post-title":"","ast-breadcrumbs-content":"","ast-featured-img":"","footer-sml-layout":"","ast-disable-related-posts":"","theme-transparent-header-meta":"","adv-header-id-meta":"","stick-header-meta":"","header-above-stick-meta":"","header-main-stick-meta":"","header-below-stick-meta":"","astra-migrate-meta-layouts":"default","ast-page-background-enabled":"default","ast-page-background-meta":{"desktop":{"background-color":"","background-image":"","background-repeat":"repeat","background-position":"center center","background-size":"auto","background-attachment":"scroll","background-type":"","background-media":"","overlay-type":"","overlay-color":"","overlay-opacity":"","overlay-gradient":""},"tablet":{"background-color":"","background-image":"","background-repeat":"repeat","background-position":"center center","background-size":"auto","background-attachment":"scroll","background-type":"","background-media":"","overlay-type":"","overlay-color":"","overlay-opacity":"","overlay-gradient":""},"mobile":{"background-color":"","background-image":"","background-repeat":"repeat","background-position":"center center","background-size":"auto","background-attachment":"scroll","background-type":"","background-media":"","overlay-type":"","overlay-color":"","overlay-opacity":"","overlay-gradient":""}},"ast-content-background-meta":{"desktop":{"background-color":"var(--ast-global-color-5)","background-image":"","background-repeat":"repeat","background-position":"center center","background-size":"auto","background-attachment":"scroll","background-type":"","background-media":"","overlay-type":"","overlay-color":"","overlay-opacity":"","overlay-gradient":""},"tablet":{"background-color":"var(--ast-global-color-5)","background-image":"","background-repeat":"repeat","background-position":"center center","background-size":"auto","background-attachment":"scroll","background-type":"","background-media":"","overlay-type":"","overlay-color":"","overlay-opacity":"","overlay-gradient":""},"mobile":{"background-color":"var(--ast-global-color-5)","background-image":"","background-repeat":"repeat","background-position":"center center","background-size":"auto","background-attachment":"scroll","background-type":"","background-media":"","overlay-type":"","overlay-color":"","overlay-opacity":"","overlay-gradient":""}},"footnotes":""},"class_list":["post-20","page","type-page","status-publish","hentry"],"aioseo_notices":[],"_hostinger_reach_plugin_has_subscription_block":false,"_hostinger_reach_plugin_is_elementor":false,"uagb_featured_image_src":{"full":false,"thumbnail":false,"medium":false,"medium_large":false,"large":false,"1536x1536":false,"2048x2048":false,"trp-custom-language-flag":false},"uagb_author_info":{"display_name":"team@journeystreak.com","author_link":"https:\/\/journeystreak.com\/en\/author\/ivangomar06gmail-com\/"},"uagb_comment_info":0,"uagb_excerpt":"\u00abEn JourneyStreak, nos tomamos muy en serio tu privacidad y la transparencia sobre c\u00f3mo tratamos tus datos. Queremos que tu experiencia de lectura sea segura, r\u00e1pida y personalizada. Por eso, al igual que la gran mayor\u00eda de sitios web en internet, utilizamos cookies. Estos peque\u00f1os archivos nos ayudan a que la web funcione correctamente, a&hellip;","_links":{"self":[{"href":"https:\/\/journeystreak.com\/en\/wp-json\/wp\/v2\/pages\/20","targetHints":{"allow":["GET"]}}],"collection":[{"href":"https:\/\/journeystreak.com\/en\/wp-json\/wp\/v2\/pages"}],"about":[{"href":"https:\/\/journeystreak.com\/en\/wp-json\/wp\/v2\/types\/page"}],"author":[{"embeddable":true,"href":"https:\/\/journeystreak.com\/en\/wp-json\/wp\/v2\/users\/1"}],"replies":[{"embeddable":true,"href":"https:\/\/journeystreak.com\/en\/wp-json\/wp\/v2\/comments?post=20"}],"version-history":[{"count":2,"href":"https:\/\/journeystreak.com\/en\/wp-json\/wp\/v2\/pages\/20\/revisions"}],"predecessor-version":[{"id":364,"href":"https:\/\/journeystreak.com\/en\/wp-json\/wp\/v2\/pages\/20\/revisions\/364"}],"wp:attachment":[{"href":"https:\/\/journeystreak.com\/en\/wp-json\/wp\/v2\/media?parent=20"}],"curies":[{"name":"wp","href":"https:\/\/api.w.org\/{rel}","templated":true}]}}